{"id":55,"date":"2020-02-15T17:59:53","date_gmt":"2020-02-15T17:59:53","guid":{"rendered":"http:\/\/www.thomaslang.fr\/?page_id=55"},"modified":"2023-10-31T20:51:18","modified_gmt":"2023-10-31T20:51:18","slug":"infos","status":"publish","type":"page","link":"https:\/\/www.thomaslang.fr\/fr\/infos\/","title":{"rendered":"infos"},"content":{"rendered":"","protected":false},"excerpt":{"rendered":"","protected":false},"author":1,"featured_media":0,"parent":0,"menu_order":0,"comment_status":"closed","ping_status":"closed","template":"","meta":[],"grid":"{\r\n  \"colCount\": 31,\r\n  \"colGutter\": 1,\r\n  \"rowGutters\": [\r\n    0.5\r\n  ],\r\n  \"frameMargin\": 5,\r\n  \"topFrameMargin\": 15,\r\n  \"bottomFrameMargin\": 5,\r\n  \"rowAttrs\": [\r\n    {},\r\n    {}\r\n  ],\r\n  \"bgColor\": null,\r\n  \"cont\": [\r\n    {\r\n      \"type\": \"text\",\r\n      \"cont\": \"<p class=\\\"_txt\\\">Les photographies pr\u00e9sent\u00e9es sur ce site d\u00e9finissent le photographe que je suis aujourd\u2019hui apr\u00e8s plus de 15 ans de pratiques professionnelles.<\/p><p class=\\\"_txt\\\">Elles ne sont que la partie \u00e9merg\u00e9e de mon travail.<br \/>En parall\u00e8le, je r\u00e9alise de nombreuses commandes dans le milieu socio-m\u00e9dical, des reportages dans les secteurs de l\u2019artisanat et de l\u2019industrie, et des s\u00e9ries de portraits corporate.<br \/>Pour plus d\u2019infos, vous pouvez m'envoyer un email<\/p><p class=\\\"_txt\\\"><a href=\\\"mailto:contact@thomaslang.fr\\\"><strong>contact@thomaslang.fr<\/strong><\/a><\/p><p><span style=\\\"font-size: 24px;\\\">Pour les films, je suis repr\u00e9sent\u00e9 par <a rel=\\\"noopener\\\" href=\\\"https:\/\/narcissefilms.fr\/realisateur\/thomas-lang\/\\\" target=\\\"_blank\\\">NARCISSE Films<\/a>.<\/span><\/p>\",\r\n      \"align\": \"top\",\r\n      \"row\": 0,\r\n      \"col\": 0,\r\n      \"colspan\": 31,\r\n      \"offsetx\": 0,\r\n      \"offsety\": 0,\r\n      \"spaceabove\": 0,\r\n      \"spacebelow\": 0,\r\n      \"yvel\": 1,\r\n      \"push\": 0,\r\n      \"relid\": 4\r\n    }\r\n  ]\r\n}","phonegrid":"{\r\n  \"colCount\": 31,\r\n  \"colGutter\": 1,\r\n  \"rowGutters\": [\r\n    5\r\n  ],\r\n  \"frameMargin\": 5,\r\n  \"topFrameMargin\": 20,\r\n  \"bottomFrameMargin\": 5,\r\n  \"rowAttrs\": [\r\n    {},\r\n    {}\r\n  ],\r\n  \"bgColor\": null,\r\n  \"cont\": [\r\n    {\r\n      \"type\": \"text\",\r\n      \"cont\": \"<p class=\\\"_txt\\\">Les photographies pr\u00e9sent\u00e9es sur ce site d\u00e9finissent le photographe que je suis aujourd\u2019hui apr\u00e8s plus de 15 ans de pratiques professionnelles.<\/p><p class=\\\"_txt\\\">Elles ne sont que la partie \u00e9merg\u00e9e de mon travail.<br \/>En parall\u00e8le, je r\u00e9alise de nombreuses commandes dans le milieu socio-m\u00e9dical, des reportages dans les secteurs de l\u2019artisanat et de l\u2019industrie, et des s\u00e9ries de portraits corporate.<br \/>Pour plus d\u2019infos, vous pouvez m'envoyer un email<\/p><p class=\\\"_txt\\\"><a href=\\\"mailto:contact@thomaslang.fr\\\"><strong>contact@thomaslang.fr<\/strong><\/a><\/p><p><span style=\\\"font-size: 24px;\\\">Pour les films, je suis repr\u00e9sent\u00e9 par <a rel=\\\"noopener\\\" href=\\\"https:\/\/narcissefilms.fr\/realisateur\/thomas-lang\/\\\" target=\\\"_blank\\\">NARCISSE Films<\/a>.<\/span><\/p>\",\r\n      \"align\": \"top\",\r\n      \"row\": 0,\r\n      \"col\": 0,\r\n      \"colspan\": 31,\r\n      \"offsetx\": 0,\r\n      \"offsety\": 0,\r\n      \"spaceabove\": 0,\r\n      \"spacebelow\": 0,\r\n      \"yvel\": 1,\r\n      \"push\": 0,\r\n      \"relid\": 4,\r\n      \"frameOverflow\": \"\"\r\n    }\r\n  ]\r\n}","_links":{"self":[{"href":"https:\/\/www.thomaslang.fr\/fr\/wp-json\/wp\/v2\/pages\/55"}],"collection":[{"href":"https:\/\/www.thomaslang.fr\/fr\/wp-json\/wp\/v2\/pages"}],"about":[{"href":"https:\/\/www.thomaslang.fr\/fr\/wp-json\/wp\/v2\/types\/page"}],"author":[{"embeddable":true,"href":"https:\/\/www.thomaslang.fr\/fr\/wp-json\/wp\/v2\/users\/1"}],"replies":[{"embeddable":true,"href":"https:\/\/www.thomaslang.fr\/fr\/wp-json\/wp\/v2\/comments?post=55"}],"version-history":[{"count":5,"href":"https:\/\/www.thomaslang.fr\/fr\/wp-json\/wp\/v2\/pages\/55\/revisions"}],"predecessor-version":[{"id":808,"href":"https:\/\/www.thomaslang.fr\/fr\/wp-json\/wp\/v2\/pages\/55\/revisions\/808"}],"wp:attachment":[{"href":"https:\/\/www.thomaslang.fr\/fr\/wp-json\/wp\/v2\/media?parent=55"}],"curies":[{"name":"wp","href":"https:\/\/api.w.org\/{rel}","templated":true}]}}